{"id":65,"date":"2021-09-21T11:31:11","date_gmt":"2021-09-21T11:31:11","guid":{"rendered":"https:\/\/govstats.org\/fi\/how-to-share-data-with-us\/"},"modified":"2026-01-20T22:42:20","modified_gmt":"2026-01-20T22:42:20","slug":"how-to-share-data-with-us","status":"publish","type":"page","link":"https:\/\/govstats.org\/fi\/how-to-share-data-with-us\/","title":{"rendered":"How to share data with us"},"content":{"rendered":"\t\t<div data-elementor-type=\"wp-page\" data-elementor-id=\"65\" class=\"elementor elementor-65\" data-elementor-post-type=\"page\">\n\t\t\t\t<div class=\"elementor-element elementor-element-7ded03b e-flex e-con-boxed e-con e-parent\" data-id=\"7ded03b\" data-element_type=\"container\" data-e-type=\"container\">\n\t\t\t\t\t<div class=\"e-con-inner\">\n\t\t<div class=\"elementor-element elementor-element-c6b16e6 e-con-full e-flex e-con e-child\" data-id=\"c6b16e6\" data-element_type=\"container\" data-e-type=\"container\">\n\t\t\t\t<div class=\"elementor-element elementor-element-21517d3 elementor-widget elementor-widget-heading\" data-id=\"21517d3\" data-element_type=\"widget\" data-e-type=\"widget\" data-widget_type=\"heading.default\">\n\t\t\t\t\t<h2 class=\"elementor-heading-title elementor-size-default\">Miten jakaa tietoja?<\/h2>\t\t\t\t<\/div>\n\t\t\t\t<div class=\"elementor-element elementor-element-d79b6e6 elementor-widget__width-inherit elementor-widget elementor-widget-text-editor\" data-id=\"d79b6e6\" data-element_type=\"widget\" data-e-type=\"widget\" data-widget_type=\"text-editor.default\">\n\t\t\t\t\t\t\t\t\t<p>Viranomaisfaktan tietopyynt\u00f6 kattaa kaikki toimittajilta rekister\u00f6idyt laskut.<\/p><p>T\u00e4m\u00e4n lis\u00e4ksi on toivottavaa, ett\u00e4 l\u00e4het\u00e4tte tiedot Microsoft Excel-tiedostona, jossa jokainen erillinen rivi sis\u00e4lt\u00e4\u00e4 seuraavat tiedot:<\/p>\t\t\t\t\t\t\t\t<\/div>\n\t\t<div class=\"elementor-element elementor-element-4802c77 e-con-full e-flex e-con e-child\" data-id=\"4802c77\" data-element_type=\"container\" data-e-type=\"container\">\n\t\t<div class=\"elementor-element elementor-element-25cd2f7 e-con-full e-flex e-con e-child\" data-id=\"25cd2f7\" data-element_type=\"container\" data-e-type=\"container\">\n\t\t\t\t<div class=\"elementor-element elementor-element-7a80a42 elementor-widget__width-auto elementor-widget elementor-widget-text-editor\" data-id=\"7a80a42\" data-element_type=\"widget\" data-e-type=\"widget\" data-widget_type=\"text-editor.default\">\n\t\t\t\t\t\t\t\t\t<ul><li class=\"li1\">Kustannusyksik\u00f6n nimi<\/li><li class=\"li1\">P\u00e4iv\u00e4m\u00e4\u00e4r\u00e4<\/li><li class=\"li1\">Toimittajan nimi<\/li><li class=\"li1\">Toimittajan Y-tunnus<\/li><\/ul>\t\t\t\t\t\t\t\t<\/div>\n\t\t\t\t<\/div>\n\t\t<div class=\"elementor-element elementor-element-9b22bb8 e-con-full e-flex e-con e-child\" data-id=\"9b22bb8\" data-element_type=\"container\" data-e-type=\"container\">\n\t\t\t\t<div class=\"elementor-element elementor-element-17d949e elementor-widget__width-auto elementor-widget elementor-widget-text-editor\" data-id=\"17d949e\" data-element_type=\"widget\" data-e-type=\"widget\" data-widget_type=\"text-editor.default\">\n\t\t\t\t\t\t\t\t\t<ul><li class=\"li1\">Laskun numero<\/li><li class=\"li1\">Kirjanpidon mukainen tili<\/li><li class=\"li1\">Hinta ilman arvonlis\u00e4veroa<\/li><li class=\"li1\">Hinta arvonlis\u00e4veron kanssa<\/li><\/ul>\t\t\t\t\t\t\t\t<\/div>\n\t\t\t\t<\/div>\n\t\t\t\t<\/div>\n\t\t\t\t<div class=\"elementor-element elementor-element-775a63f elementor-widget__width-inherit elementor-widget elementor-widget-text-editor\" data-id=\"775a63f\" data-element_type=\"widget\" data-e-type=\"widget\" data-widget_type=\"text-editor.default\">\n\t\t\t\t\t\t\t\t\t<p class=\"p1\">Kaikkia yll\u00e4 mainittuja vaatimuksia ei tarvitse l\u00e4hett\u00e4\u00e4, jos vaadittava ty\u00f6m\u00e4\u00e4r\u00e4 on huomattava. T\u00e4rkeimpi\u00e4 ovat tiedot toimittajista, raham\u00e4\u00e4rist\u00e4 sek\u00e4 laskujen p\u00e4iv\u00e4m\u00e4\u00e4r\u00e4t.<\/p><p class=\"p1\">Jos teill\u00e4 on kysytt\u00e4v\u00e4\u00e4, voitte ottaa\u00a0<a href=\"https:\/\/govstats.org\/fi\/#contact-us\">yhteytt\u00e4 meid\u00e4n vastuuhenkil\u00f6ihin<\/a>.<\/p>\t\t\t\t\t\t\t\t<\/div>\n\t\t\t\t<\/div>\n\t\t\t\t\t<\/div>\n\t\t\t\t<\/div>\n\t\t\t\t<\/div>\n\t\t","protected":false},"excerpt":{"rendered":"<p>Miten jakaa tietoja? Viranomaisfaktan tietopyynt\u00f6 kattaa kaikki toimittajilta rekister\u00f6idyt laskut. T\u00e4m\u00e4n lis\u00e4ksi on toivottavaa, ett\u00e4 l\u00e4het\u00e4tte tiedot Microsoft Excel-tiedostona, jossa jokainen erillinen rivi sis\u00e4lt\u00e4\u00e4 seuraavat tiedot: Kustannusyksik\u00f6n nimi P\u00e4iv\u00e4m\u00e4\u00e4r\u00e4 Toimittajan nimi Toimittajan Y-tunnus Laskun numero Kirjanpidon mukainen tili Hinta ilman arvonlis\u00e4veroa Hinta arvonlis\u00e4veron kanssa Kaikkia yll\u00e4 mainittuja vaatimuksia ei tarvitse l\u00e4hett\u00e4\u00e4, jos vaadittava ty\u00f6m\u00e4\u00e4r\u00e4 on [&hellip;]<\/p>\n","protected":false},"author":2,"featured_media":0,"parent":0,"menu_order":0,"comment_status":"closed","ping_status":"closed","template":"elementor_header_footer","meta":{"footnotes":""},"class_list":["post-65","page","type-page","status-publish","hentry"],"_links":{"self":[{"href":"https:\/\/govstats.org\/fi\/wp-json\/wp\/v2\/pages\/65","targetHints":{"allow":["GET"]}}],"collection":[{"href":"https:\/\/govstats.org\/fi\/wp-json\/wp\/v2\/pages"}],"about":[{"href":"https:\/\/govstats.org\/fi\/wp-json\/wp\/v2\/types\/page"}],"author":[{"embeddable":true,"href":"https:\/\/govstats.org\/fi\/wp-json\/wp\/v2\/users\/2"}],"replies":[{"embeddable":true,"href":"https:\/\/govstats.org\/fi\/wp-json\/wp\/v2\/comments?post=65"}],"version-history":[{"count":40,"href":"https:\/\/govstats.org\/fi\/wp-json\/wp\/v2\/pages\/65\/revisions"}],"predecessor-version":[{"id":6312,"href":"https:\/\/govstats.org\/fi\/wp-json\/wp\/v2\/pages\/65\/revisions\/6312"}],"wp:attachment":[{"href":"https:\/\/govstats.org\/fi\/wp-json\/wp\/v2\/media?parent=65"}],"curies":[{"name":"wp","href":"https:\/\/api.w.org\/{rel}","templated":true}]}}