{"id":65,"date":"2021-09-21T11:31:11","date_gmt":"2021-09-21T11:31:11","guid":{"rendered":"https:\/\/govstats.org\/no\/how-to-share-data-with-us\/"},"modified":"2026-01-20T22:44:27","modified_gmt":"2026-01-20T22:44:27","slug":"how-to-share-data-with-us","status":"publish","type":"page","link":"https:\/\/govstats.org\/no\/how-to-share-data-with-us\/","title":{"rendered":"How to share data with us"},"content":{"rendered":"\t\t<div data-elementor-type=\"wp-page\" data-elementor-id=\"65\" class=\"elementor elementor-65\" data-elementor-post-type=\"page\">\n\t\t\t\t<div class=\"elementor-element elementor-element-74a5ab0 e-flex e-con-boxed e-con e-parent\" data-id=\"74a5ab0\" data-element_type=\"container\" data-e-type=\"container\">\n\t\t\t\t\t<div class=\"e-con-inner\">\n\t\t<div class=\"elementor-element elementor-element-58b4c87 e-con-full e-flex e-con e-child\" data-id=\"58b4c87\" data-element_type=\"container\" data-e-type=\"container\">\n\t\t\t\t<div class=\"elementor-element elementor-element-c3bcc1d elementor-widget elementor-widget-heading\" data-id=\"c3bcc1d\" data-element_type=\"widget\" data-e-type=\"widget\" data-widget_type=\"heading.default\">\n\t\t\t\t\t<h2 class=\"elementor-heading-title elementor-size-default\">Slik deler du data med oss<\/h2>\t\t\t\t<\/div>\n\t\t\t\t<div class=\"elementor-element elementor-element-66ba15f elementor-widget__width-inherit elementor-widget elementor-widget-text-editor\" data-id=\"66ba15f\" data-element_type=\"widget\" data-e-type=\"widget\" data-widget_type=\"text-editor.default\">\n\t\t\t\t\t\t\t\t\t<p>En begj\u00e6ring om offentlige saksdokumenter fra Myndighetsfakta gjelder registrerte fakturaer fra alle leverand\u00f8rer for en viss tidsperiode angitt i begj\u00e6ringen.<\/p><p>Va\u030ar beg\u00e6ring gjelder individuelle fakturaer og ikke en sammenstilling per organisasjonsnummer.<\/p><p>Det som ettersp\u00f8rres er et samlet Excel-dokument, hvor hver rad inneholder f\u00f8lgende informasjon:<\/p>\t\t\t\t\t\t\t\t<\/div>\n\t\t<div class=\"elementor-element elementor-element-d1e98ee e-con-full e-flex e-con e-child\" data-id=\"d1e98ee\" data-element_type=\"container\" data-e-type=\"container\">\n\t\t<div class=\"elementor-element elementor-element-26fd4b2 e-con-full e-flex e-con e-child\" data-id=\"26fd4b2\" data-element_type=\"container\" data-e-type=\"container\">\n\t\t\t\t<div class=\"elementor-element elementor-element-b046068 elementor-widget__width-auto elementor-widget elementor-widget-text-editor\" data-id=\"b046068\" data-element_type=\"widget\" data-e-type=\"widget\" data-widget_type=\"text-editor.default\">\n\t\t\t\t\t\t\t\t\t<ul><li>Forvaltning\/kostnadssted<\/li><li>Fakturadato og betalingsdato<\/li><li>Firmanavn\/leverand\u00f8r<\/li><li>Leverand\u00f8rens organisasjonsnummer<\/li><\/ul>\t\t\t\t\t\t\t\t<\/div>\n\t\t\t\t<\/div>\n\t\t<div class=\"elementor-element elementor-element-a8e8c27 e-con-full e-flex e-con e-child\" data-id=\"a8e8c27\" data-element_type=\"container\" data-e-type=\"container\">\n\t\t\t\t<div class=\"elementor-element elementor-element-a0de8f7 elementor-widget__width-auto elementor-widget elementor-widget-text-editor\" data-id=\"a0de8f7\" data-element_type=\"widget\" data-e-type=\"widget\" data-widget_type=\"text-editor.default\">\n\t\t\t\t\t\t\t\t\t<ul><li>Fakturanummer<\/li><li>Bokf\u00f8ringskonto<\/li><li>Bel\u00f8p inkl. moms<\/li><li>Bel\u00f8p ekskl. moms<\/li><\/ul>\t\t\t\t\t\t\t\t<\/div>\n\t\t\t\t<\/div>\n\t\t\t\t<\/div>\n\t\t\t\t<div class=\"elementor-element elementor-element-25ad945 elementor-widget__width-inherit elementor-widget elementor-widget-text-editor\" data-id=\"25ad945\" data-element_type=\"widget\" data-e-type=\"widget\" data-widget_type=\"text-editor.default\">\n\t\t\t\t\t\t\t\t\t<p>Helst b\u00f8r hver rad inneholde sa\u030a mange av de \u00f8nskede variablene som mulig.<\/p><p>Ikke n\u00f8l med a\u030a ta <a href=\"https:\/\/govstats.org\/no\/#contact-us\">kontakt med oss<\/a> hvis du har noen sp\u00f8rsma\u030al.<\/p>\t\t\t\t\t\t\t\t<\/div>\n\t\t\t\t<\/div>\n\t\t\t\t\t<\/div>\n\t\t\t\t<\/div>\n\t\t\t\t<\/div>\n\t\t","protected":false},"excerpt":{"rendered":"<p>Slik deler du data med oss En begj\u00e6ring om offentlige saksdokumenter fra Myndighetsfakta gjelder registrerte fakturaer fra alle leverand\u00f8rer for en viss tidsperiode angitt i begj\u00e6ringen. Va\u030ar beg\u00e6ring gjelder individuelle fakturaer og ikke en sammenstilling per organisasjonsnummer. Det som ettersp\u00f8rres er et samlet Excel-dokument, hvor hver rad inneholder f\u00f8lgende informasjon: Forvaltning\/kostnadssted Fakturadato og betalingsdato Firmanavn\/leverand\u00f8r [&hellip;]<\/p>\n","protected":false},"author":2,"featured_media":0,"parent":0,"menu_order":0,"comment_status":"closed","ping_status":"closed","template":"elementor_header_footer","meta":{"footnotes":""},"class_list":["post-65","page","type-page","status-publish","hentry"],"_links":{"self":[{"href":"https:\/\/govstats.org\/no\/wp-json\/wp\/v2\/pages\/65","targetHints":{"allow":["GET"]}}],"collection":[{"href":"https:\/\/govstats.org\/no\/wp-json\/wp\/v2\/pages"}],"about":[{"href":"https:\/\/govstats.org\/no\/wp-json\/wp\/v2\/types\/page"}],"author":[{"embeddable":true,"href":"https:\/\/govstats.org\/no\/wp-json\/wp\/v2\/users\/2"}],"replies":[{"embeddable":true,"href":"https:\/\/govstats.org\/no\/wp-json\/wp\/v2\/comments?post=65"}],"version-history":[{"count":73,"href":"https:\/\/govstats.org\/no\/wp-json\/wp\/v2\/pages\/65\/revisions"}],"predecessor-version":[{"id":6473,"href":"https:\/\/govstats.org\/no\/wp-json\/wp\/v2\/pages\/65\/revisions\/6473"}],"wp:attachment":[{"href":"https:\/\/govstats.org\/no\/wp-json\/wp\/v2\/media?parent=65"}],"curies":[{"name":"wp","href":"https:\/\/api.w.org\/{rel}","templated":true}]}}