{"id":68,"date":"2021-09-21T11:31:11","date_gmt":"2021-09-21T11:31:11","guid":{"rendered":"https:\/\/govstats.org\/no\/cookie-policy\/"},"modified":"2021-10-03T16:29:51","modified_gmt":"2021-10-03T16:29:51","slug":"cookie-policy","status":"publish","type":"page","link":"https:\/\/govstats.org\/no\/cookie-policy\/","title":{"rendered":"Cookie Policy"},"content":{"rendered":"\t\t<div data-elementor-type=\"wp-page\" data-elementor-id=\"68\" class=\"elementor elementor-68\" data-elementor-post-type=\"page\">\n\t\t\t\t\t\t<section class=\"elementor-section elementor-top-section elementor-element elementor-element-35a6d5f9 elementor-section-boxed elementor-section-height-default elementor-section-height-default\" data-id=\"35a6d5f9\" data-element_type=\"section\" data-e-type=\"section\">\n\t\t\t\t\t\t<div class=\"elementor-container elementor-column-gap-default\">\n\t\t\t\t\t<div class=\"elementor-column elementor-col-100 elementor-top-column elementor-element elementor-element-502dccf0\" data-id=\"502dccf0\" data-element_type=\"column\" data-e-type=\"column\">\n\t\t\t<div class=\"elementor-widget-wrap elementor-element-populated\">\n\t\t\t\t\t\t<div class=\"elementor-element elementor-element-4177149 elementor-widget elementor-widget-heading\" data-id=\"4177149\" data-element_type=\"widget\" data-e-type=\"widget\" data-widget_type=\"heading.default\">\n\t\t\t\t\t<h2 class=\"elementor-heading-title elementor-size-default\">Anv\u00e4ndning av cookies<\/h2>\t\t\t\t<\/div>\n\t\t\t\t<div class=\"elementor-element elementor-element-1a1f32dc elementor-widget__width-initial elementor-widget elementor-widget-text-editor\" data-id=\"1a1f32dc\" data-element_type=\"widget\" data-e-type=\"widget\" data-widget_type=\"text-editor.default\">\n\t\t\t\t\t\t\t\t\t<p>En cookie \u00e4r en liten textfil som s\u00e4nds fr\u00e5n en hemsida och som lagras i anv\u00e4ndarens webbl\u00e4sare, mobiltelefon eller annan enhet n\u00e4r anv\u00e4ndaren surfar p\u00e5 hemsidan. En cookie kan hj\u00e4lpa hemsidesleverant\u00f6ren att k\u00e4nna igen din enhet n\u00e4sta g\u00e5ng du bes\u00f6ker hemsidan, ge dig tillg\u00e5ng till vissa funktioner p\u00e5 hemsidan och\/eller registrera sina surfvanor.<br \/><br \/>Det finns andra teknologier s\u00e5 som pixeltaggar, beacons och andra liknande filer och teknologier som kan ha samma funktion om cookies. I denna Cookie Policy anv\u00e4nder vi begreppet \u201dcookies\u201d f\u00f6r cookies och alla s\u00e5dana liknande teknologier.<br \/><br \/>Vi anv\u00e4nder f\u00f6ljande cookies f\u00f6r syften som anges nedan:<br \/><br \/><strong><span style=\"vertical-align: inherit;\"><span style=\"vertical-align: inherit;\">\u2022 Funktionella cookies <\/span><\/span><\/strong><br \/>Vi anv\u00e4nder funktionella cookies f\u00f6r att hantera vissa funktioner p\u00e5 Hemsidan i enlighet med dina val. Detta inneb\u00e4r att n\u00e4r du forts\u00e4tter anv\u00e4nda eller \u00e5terv\u00e4nder till Hemsidan kommer denna att tillhandah\u00e5llas s\u00e5 som du tidigare beg\u00e4rt, t.ex. genom att komma ih\u00e5g ditt anv\u00e4ndarnamn och anpassning av Hemsidan.<br \/><br \/><strong><span style=\"vertical-align: inherit;\"><span style=\"vertical-align: inherit;\">\u2022 Analyscookies <\/span><\/span><\/strong><br \/>Vi anv\u00e4nder analyscookies f\u00f6r att analysera hur tillg\u00e5ng till Hemsidan sker, hur den anv\u00e4nds eller fungerar. Vi anv\u00e4nder informationen f\u00f6r att uppr\u00e4tth\u00e5lla, driva och f\u00f6rb\u00e4ttra Hemsidan.<br \/><br \/><span style=\"vertical-align: inherit;\"><span style=\"vertical-align: inherit;\">De flesta webbl\u00e4sare till\u00e5ter att du hanterar hur du vill att cookies ska anv\u00e4ndas. Du kan genom inst\u00e4llningar i din webbl\u00e4sare blockera cookies eller ta bort cookies. Generellt b\u00f6r du ocks\u00e5 kunna hantera liknande teknologier genom inst\u00e4llningar i din webbl\u00e4sare.<br \/><br \/><\/span><\/span>V\u00e4nligen notera att om du v\u00e4ljer att blockera cookies kan funktionaliteten hos Hemsidan p\u00e5verkas.<br \/><br \/><span style=\"vertical-align: inherit;\"><span style=\"vertical-align: inherit;\">Om du har fr\u00e5gor eller kommentarer avseende anv\u00e4ndande av cookies v\u00e4nligen kontakta <\/span><\/span><a href=\"mailto:admin@myndighetsfakta.se\"><span style=\"vertical-align: inherit;\"><span style=\"vertical-align: inherit;\">admin@myndighetsfakta.se<\/span><\/span><\/a><span style=\"vertical-align: inherit;\"><span style=\"vertical-align: inherit;\">.<\/span><\/span><\/p>\t\t\t\t\t\t\t\t<\/div>\n\t\t\t\t\t<\/div>\n\t\t<\/div>\n\t\t\t\t\t<\/div>\n\t\t<\/section>\n\t\t\t\t<\/div>\n\t\t","protected":false},"excerpt":{"rendered":"<p>Anv\u00e4ndning av cookies En cookie \u00e4r en liten textfil som s\u00e4nds fr\u00e5n en hemsida och som lagras i anv\u00e4ndarens webbl\u00e4sare, mobiltelefon eller annan enhet n\u00e4r anv\u00e4ndaren surfar p\u00e5 hemsidan. En cookie kan hj\u00e4lpa hemsidesleverant\u00f6ren att k\u00e4nna igen din enhet n\u00e4sta g\u00e5ng du bes\u00f6ker hemsidan, ge dig tillg\u00e5ng till vissa funktioner p\u00e5 hemsidan och\/eller registrera sina [&hellip;]<\/p>\n","protected":false},"author":2,"featured_media":0,"parent":0,"menu_order":0,"comment_status":"closed","ping_status":"closed","template":"elementor_header_footer","meta":{"footnotes":""},"class_list":["post-68","page","type-page","status-publish","hentry"],"_links":{"self":[{"href":"https:\/\/govstats.org\/no\/wp-json\/wp\/v2\/pages\/68","targetHints":{"allow":["GET"]}}],"collection":[{"href":"https:\/\/govstats.org\/no\/wp-json\/wp\/v2\/pages"}],"about":[{"href":"https:\/\/govstats.org\/no\/wp-json\/wp\/v2\/types\/page"}],"author":[{"embeddable":true,"href":"https:\/\/govstats.org\/no\/wp-json\/wp\/v2\/users\/2"}],"replies":[{"embeddable":true,"href":"https:\/\/govstats.org\/no\/wp-json\/wp\/v2\/comments?post=68"}],"version-history":[{"count":10,"href":"https:\/\/govstats.org\/no\/wp-json\/wp\/v2\/pages\/68\/revisions"}],"predecessor-version":[{"id":6133,"href":"https:\/\/govstats.org\/no\/wp-json\/wp\/v2\/pages\/68\/revisions\/6133"}],"wp:attachment":[{"href":"https:\/\/govstats.org\/no\/wp-json\/wp\/v2\/media?parent=68"}],"curies":[{"name":"wp","href":"https:\/\/api.w.org\/{rel}","templated":true}]}}